
{"id":117,"date":"2023-11-29T23:44:09","date_gmt":"2023-11-29T23:44:09","guid":{"rendered":"http:\/\/defensoria.tecdmx.org.mx\/?page_id=117"},"modified":"2025-03-24T19:23:22","modified_gmt":"2025-03-24T19:23:22","slug":"formato-de-servicio","status":"publish","type":"page","link":"https:\/\/defensoriaelectoral.tecdmx.org.mx\/index.php\/formato-de-servicio\/","title":{"rendered":"Formato de servicio"},"content":{"rendered":"\n<hr class=\"wp-block-separator has-text-color has-alpha-channel-opacity has-background\" style=\"background-color:#759090;color:#759090\"\/>\n\n\n\n<h1 class=\"wp-block-heading has-text-align-center has-text-color has-link-color wp-elements-fb9423d5b6ee9a1ed430986ddf334ae0\" style=\"color:#194891\">Para recibir atenci\u00f3n ciudadana de la Defensor\u00eda, haz una cita y llena la Solicitud de Servicio, tu cita la puedes solicitar v\u00eda telef\u00f3nica, correo electr\u00f3nico o aqu\u00ed en el chat. <\/h1>\n\n\n\n<div style=\"height:25px\" aria-hidden=\"true\" class=\"wp-block-spacer\"><\/div>\n\n\n<div class=\"wp-block-image\">\n<figure class=\"aligncenter size-full is-resized\"><a href=\"https:\/\/defensoriaelectoral.tecdmx.org.mx\/wp-content\/uploads\/2025\/03\/SOLICITUD-DE-SERVICIO-ACT.docx\"><img loading=\"lazy\" decoding=\"async\" width=\"512\" height=\"512\" src=\"https:\/\/defensoriaelectoral.tecdmx.org.mx\/wp-content\/uploads\/2025\/03\/formato.png\" alt=\"\" class=\"wp-image-296\" style=\"width:82px;height:auto\" srcset=\"https:\/\/defensoriaelectoral.tecdmx.org.mx\/wp-content\/uploads\/2025\/03\/formato-300x300.png 300w, https:\/\/defensoriaelectoral.tecdmx.org.mx\/wp-content\/uploads\/2025\/03\/formato-150x150.png 150w, https:\/\/defensoriaelectoral.tecdmx.org.mx\/wp-content\/uploads\/2025\/03\/formato.png 512w\" sizes=\"(max-width: 512px) 100vw, 512px\" \/><\/a><\/figure><\/div>\n\n\n<h2 class=\"wp-block-heading has-text-align-center\"><a href=\"https:\/\/defensoriaelectoral.tecdmx.org.mx\/wp-content\/uploads\/2025\/03\/SOLICITUD-DE-SERVICIO-ACT.docx\"><strong><em>Da clic aqu\u00ed<\/em><\/strong>&nbsp;para descargar tu solicitud de servicio.<\/a><\/h2>\n","protected":false},"excerpt":{"rendered":"<p>Para recibir atenci\u00f3n ciudadana de la Defensor\u00eda, haz una cita y llena la Solicitud de Servicio, tu cita la puedes solicitar v\u00eda telef\u00f3nica, correo electr\u00f3nico o aqu\u00ed en el chat. Da clic aqu\u00ed&nbsp;para descargar tu solicitud de servicio.<\/p>\n","protected":false},"author":1,"featured_media":0,"parent":0,"menu_order":0,"comment_status":"closed","ping_status":"closed","template":"","meta":{"footnotes":""},"_links":{"self":[{"href":"https:\/\/defensoriaelectoral.tecdmx.org.mx\/index.php\/wp-json\/wp\/v2\/pages\/117"}],"collection":[{"href":"https:\/\/defensoriaelectoral.tecdmx.org.mx\/index.php\/wp-json\/wp\/v2\/pages"}],"about":[{"href":"https:\/\/defensoriaelectoral.tecdmx.org.mx\/index.php\/wp-json\/wp\/v2\/types\/page"}],"author":[{"embeddable":true,"href":"https:\/\/defensoriaelectoral.tecdmx.org.mx\/index.php\/wp-json\/wp\/v2\/users\/1"}],"replies":[{"embeddable":true,"href":"https:\/\/defensoriaelectoral.tecdmx.org.mx\/index.php\/wp-json\/wp\/v2\/comments?post=117"}],"version-history":[{"count":9,"href":"https:\/\/defensoriaelectoral.tecdmx.org.mx\/index.php\/wp-json\/wp\/v2\/pages\/117\/revisions"}],"predecessor-version":[{"id":300,"href":"https:\/\/defensoriaelectoral.tecdmx.org.mx\/index.php\/wp-json\/wp\/v2\/pages\/117\/revisions\/300"}],"wp:attachment":[{"href":"https:\/\/defensoriaelectoral.tecdmx.org.mx\/index.php\/wp-json\/wp\/v2\/media?parent=117"}],"curies":[{"name":"wp","href":"https:\/\/api.w.org\/{rel}","templated":true}]}}