
{"id":125,"date":"2023-11-29T23:55:26","date_gmt":"2023-11-29T23:55:26","guid":{"rendered":"http:\/\/defensoria.tecdmx.org.mx\/?page_id=125"},"modified":"2025-03-24T18:34:23","modified_gmt":"2025-03-24T18:34:23","slug":"aviso-de-privacidad","status":"publish","type":"page","link":"https:\/\/defensoriaelectoral.tecdmx.org.mx\/index.php\/aviso-de-privacidad\/","title":{"rendered":"Aviso de Privacidad"},"content":{"rendered":"\n<p class=\"has-text-color has-link-color wp-elements-2c88b97107ae0f8ab90b828f44161b4a\" style=\"color:#194891\"><strong>AVISO DE PRIVACIDAD EXPEDIENTES DE LA DEFENSOR\u00cdA P\u00daBLICA DE PARTICIPACI\u00d3N CIUDADANA Y PROCESOS DEMOCR\u00c1TICOS DEL TRIBUNAL ELECTORAL DE LA CIUDAD DE M\u00c9XICO.<\/strong><\/p>\n\n\n\n<p>El Tribunal Electoral de la Ciudad de M\u00e9xico es el responsable del tratamiento de los datos personales que nos proporcione, los cuales ser\u00e1n protegidos conforme a lo dispuesto por la Ley General de Protecci\u00f3n de Datos Personales en Posesi\u00f3n de Sujetos Obligados, y dem\u00e1s normatividad que resulte aplicable.<\/p>\n\n\n\n<p class=\"has-text-color has-link-color wp-elements-ea48ddeb71935926354713fc103bb08c\" style=\"color:#194891\"><strong>Finalidad<\/strong><\/p>\n\n\n\n<p>Sus datos personales ser\u00e1n utilizados con la finalidad de llevar a cabo un control, registro y seguimiento en la atenci\u00f3n derivada de los servicios gratuitos de asesor\u00eda y defensa en los procesos de participaci\u00f3n ciudadana y democr\u00e1ticos en la Ciudad de M\u00e9xico solventados ante el Tribunal Electoral de la Ciudad de M\u00e9xico.<\/p>\n\n\n\n<p>Los datos personales recabados ser\u00e1n incorporados y tratados en el Sistema de Datos Personales, denominado \u201cExpedientes de la defensor\u00eda p\u00fablica de participaci\u00f3n ciudadana y procesos democr\u00e1ticos del Tribunal Electoral de la Ciudad de M\u00e9xico\u201d.<\/p>\n\n\n\n<p class=\"has-text-color has-link-color wp-elements-148d647807eff3f1f580b7497455d903\" style=\"color:#194891\"><strong>Transferencia de datos personales<\/strong><\/p>\n\n\n\n<p>Se informa que no se realizar\u00e1n transferencias de datos personales, salvo aqu\u00e9llas que sean necesarias para atender requerimientos de informaci\u00f3n de una autoridad competente, que est\u00e9n debidamente fundados y motivados.<\/p>\n\n\n\n<p class=\"has-text-color has-link-color wp-elements-7b483d8bdf31a9fd1348d5f158e0e2d9\" style=\"color:#194891\"><strong>\u00bfD\u00f3nde se pueden ejercer los derechos de acceso, rectificaci\u00f3n, cancelaci\u00f3n u oposici\u00f3n de datos personales (derechos ARCO)?<\/strong><\/p>\n\n\n\n<p>Podr\u00e1 ejercer los derechos de acceso, rectificaci\u00f3n, cancelaci\u00f3n y oposici\u00f3n, as\u00ed como la revocaci\u00f3n del consentimiento en la Unidad de Transparencia en Calle Magdalena n\u00famero 21, Planta Baja, Colonia Del Valle, Alcald\u00eda Benito Ju\u00e1rez, C.P. 03100, Ciudad de M\u00e9xico, tel\u00e9fono \u00a053 40 46 00 ext. 1001, as\u00ed como al correo electr\u00f3nico<a>\u00a0<\/a><a href=\"mailto:transparencia@tecdmx.org.mx\">transparencia@tecdmx.org.mx<\/a>. El interesado podr\u00e1 dirigirse al Instituto de Transparencia, Acceso a la Informaci\u00f3n P\u00fablica, Protecci\u00f3n de Datos Personales y Rendici\u00f3n de Cuentas de la Ciudad de M\u00e9xico, donde recibir\u00e1 la asesor\u00eda en materia de Protecci\u00f3n de Datos Personales al tel\u00e9fono: 56-36-21-20 y\/o al correo electr\u00f3nico datos.personales@infodf.org.mx o\u00a0<a href=\"http:\/\/www.infodf.org.mx\/\">www.infodf.org.mx<\/a>.<\/p>\n\n\n\n<p class=\"has-text-color has-link-color wp-elements-1972d095ebf4d41fbf2f232ff89e2299\" style=\"color:#194891\"><strong>Aviso de Privacidad Integral<\/strong><\/p>\n\n\n\n<p>Puede solicitarlo v\u00eda electr\u00f3nica a:&nbsp;&nbsp;<a href=\"mailto:transparencia@tecdmx.org.mx\">transparencia@tecdmx.org.mx<\/a>.<\/p>\n","protected":false},"excerpt":{"rendered":"<p>AVISO DE PRIVACIDAD EXPEDIENTES DE LA DEFENSOR\u00cdA P\u00daBLICA DE PARTICIPACI\u00d3N CIUDADANA Y PROCESOS DEMOCR\u00c1TICOS DEL TRIBUNAL ELECTORAL DE LA CIUDAD DE M\u00c9XICO. El Tribunal Electoral de la Ciudad de M\u00e9xico es el responsable del tratamiento de los datos personales que nos proporcione, los cuales ser\u00e1n protegidos conforme a lo dispuesto por la Ley General de [&hellip;]<\/p>\n","protected":false},"author":1,"featured_media":0,"parent":0,"menu_order":0,"comment_status":"closed","ping_status":"closed","template":"","meta":{"footnotes":""},"_links":{"self":[{"href":"https:\/\/defensoriaelectoral.tecdmx.org.mx\/index.php\/wp-json\/wp\/v2\/pages\/125"}],"collection":[{"href":"https:\/\/defensoriaelectoral.tecdmx.org.mx\/index.php\/wp-json\/wp\/v2\/pages"}],"about":[{"href":"https:\/\/defensoriaelectoral.tecdmx.org.mx\/index.php\/wp-json\/wp\/v2\/types\/page"}],"author":[{"embeddable":true,"href":"https:\/\/defensoriaelectoral.tecdmx.org.mx\/index.php\/wp-json\/wp\/v2\/users\/1"}],"replies":[{"embeddable":true,"href":"https:\/\/defensoriaelectoral.tecdmx.org.mx\/index.php\/wp-json\/wp\/v2\/comments?post=125"}],"version-history":[{"count":2,"href":"https:\/\/defensoriaelectoral.tecdmx.org.mx\/index.php\/wp-json\/wp\/v2\/pages\/125\/revisions"}],"predecessor-version":[{"id":299,"href":"https:\/\/defensoriaelectoral.tecdmx.org.mx\/index.php\/wp-json\/wp\/v2\/pages\/125\/revisions\/299"}],"wp:attachment":[{"href":"https:\/\/defensoriaelectoral.tecdmx.org.mx\/index.php\/wp-json\/wp\/v2\/media?parent=125"}],"curies":[{"name":"wp","href":"https:\/\/api.w.org\/{rel}","templated":true}]}}