
{"id":87,"date":"2023-11-29T19:19:16","date_gmt":"2023-11-29T19:19:16","guid":{"rendered":"http:\/\/defensoria.tecdmx.org.mx\/?page_id=87"},"modified":"2023-11-29T19:19:16","modified_gmt":"2023-11-29T19:19:16","slug":"mision-vision-y-principios-de-la-defensoria-publica-del-tribunal-electoral-de-la-ciudad-de-mexico","status":"publish","type":"page","link":"https:\/\/defensoriaelectoral.tecdmx.org.mx\/index.php\/mision-vision-y-principios-de-la-defensoria-publica-del-tribunal-electoral-de-la-ciudad-de-mexico\/","title":{"rendered":"Misi\u00f3n, Visi\u00f3n y Principios de la Defensor\u00eda P\u00fablica del Tribunal Electoral de la Ciudad de M\u00e9xico"},"content":{"rendered":"\n<hr class=\"wp-block-separator has-text-color has-alpha-channel-opacity has-background\" style=\"background-color:#759090;color:#759090\"\/>\n\n\n\n<h3 class=\"wp-block-heading has-text-color has-link-color wp-elements-6548dc79f8a75851ca89595fe4a0fd22\" style=\"color:#194891\">MISI\u00d3N<\/h3>\n\n\n\n<p>Contribuir en la construcci\u00f3n de Ciudadan\u00eda y Democracia Participativa, mediante la&nbsp;<strong>asesor\u00eda y defensa<\/strong>&nbsp;transversal de los derechos pol\u00edtico \u2013 electorales e incentivar, alentar y fomentar la cultura de la participaci\u00f3n ciudadana y la formaci\u00f3n c\u00edvica en la Ciudad de M\u00e9xico.<\/p>\n\n\n\n<h3 class=\"wp-block-heading has-text-color has-link-color wp-elements-4a68dbab1698399e968af2afe2643fd1\" style=\"color:#194891\">VISI\u00d3N<\/h3>\n\n\n\n<p>Ser un&nbsp;<strong>\u00f3rgano interno local<\/strong>&nbsp;que se convierta en un referente nacional de las instituciones electorales, con procesos abiertos y personas servidoras p\u00fablicas profesionalizadas, capacitadas con una visi\u00f3n de salvaguarda y respeto a los derechos humanos; fortaleciendo la participaci\u00f3n social y ciudadana en los mecanismos de democracia directa, participativa y representativa previstos en la Constituci\u00f3n Local.<\/p>\n\n\n\n<h2 class=\"wp-block-heading has-text-color has-link-color wp-elements-26285bdf5a3ab2c7ba2855dc546cf32b\" style=\"color:#194891\">Principios<\/h2>\n\n\n\n<p>La Defensor\u00eda P\u00fablica enmarcar\u00e1 su actuaci\u00f3n y la prestaci\u00f3n de los servicios de asesor\u00eda y defensa, bajo los principios y valores \u00e9ticos de&nbsp;<strong>eficiencia, ejercicio adecuado del encargo, excelencia, honestidad y honradez, lealtad institucional, profesionalismo, prudencia, responsabilidad, templanza, transparencia, probidad, uso adecuado de los bienes y recursos, uso adecuado del tiempo de trabajo<\/strong>, as\u00ed como de \u00e9tica judicial basada en el&nbsp;<strong>profesionalismo, actitud de servicio, humanismo, justicia, laboriosidad y compromiso social.<\/strong><\/p>\n\n\n\n<p>Con apego no s\u00f3lo a los principios, por disposici\u00f3n legal las personas servidoras p\u00fablicas adscritas a la Defensor\u00eda,&nbsp; respetaremos tambi\u00e9n en todo momento, los principios de&nbsp;<strong>certeza, legalidad, independencia, inclusi\u00f3n, m\u00e1xima publicidad, rendici\u00f3n&nbsp;<\/strong><strong>de&nbsp;<\/strong><strong>cuentas, objetividad&nbsp;<\/strong>que son rectores de la funci\u00f3n electoral.<\/p>\n","protected":false},"excerpt":{"rendered":"<p>MISI\u00d3N Contribuir en la construcci\u00f3n de Ciudadan\u00eda y Democracia Participativa, mediante la&nbsp;asesor\u00eda y defensa&nbsp;transversal de los derechos pol\u00edtico \u2013 electorales e incentivar, alentar y fomentar la cultura de la participaci\u00f3n ciudadana y la formaci\u00f3n c\u00edvica en la Ciudad de M\u00e9xico. VISI\u00d3N Ser un&nbsp;\u00f3rgano interno local&nbsp;que se convierta en un referente nacional de las instituciones electorales, [&hellip;]<\/p>\n","protected":false},"author":1,"featured_media":0,"parent":0,"menu_order":0,"comment_status":"closed","ping_status":"closed","template":"","meta":{"footnotes":""},"_links":{"self":[{"href":"https:\/\/defensoriaelectoral.tecdmx.org.mx\/index.php\/wp-json\/wp\/v2\/pages\/87"}],"collection":[{"href":"https:\/\/defensoriaelectoral.tecdmx.org.mx\/index.php\/wp-json\/wp\/v2\/pages"}],"about":[{"href":"https:\/\/defensoriaelectoral.tecdmx.org.mx\/index.php\/wp-json\/wp\/v2\/types\/page"}],"author":[{"embeddable":true,"href":"https:\/\/defensoriaelectoral.tecdmx.org.mx\/index.php\/wp-json\/wp\/v2\/users\/1"}],"replies":[{"embeddable":true,"href":"https:\/\/defensoriaelectoral.tecdmx.org.mx\/index.php\/wp-json\/wp\/v2\/comments?post=87"}],"version-history":[{"count":1,"href":"https:\/\/defensoriaelectoral.tecdmx.org.mx\/index.php\/wp-json\/wp\/v2\/pages\/87\/revisions"}],"predecessor-version":[{"id":88,"href":"https:\/\/defensoriaelectoral.tecdmx.org.mx\/index.php\/wp-json\/wp\/v2\/pages\/87\/revisions\/88"}],"wp:attachment":[{"href":"https:\/\/defensoriaelectoral.tecdmx.org.mx\/index.php\/wp-json\/wp\/v2\/media?parent=87"}],"curies":[{"name":"wp","href":"https:\/\/api.w.org\/{rel}","templated":true}]}}