
{"id":95,"date":"2023-11-29T19:46:58","date_gmt":"2023-11-29T19:46:58","guid":{"rendered":"http:\/\/defensoria.tecdmx.org.mx\/?page_id=95"},"modified":"2025-03-24T17:48:10","modified_gmt":"2025-03-24T17:48:10","slug":"directorio","status":"publish","type":"page","link":"https:\/\/defensoriaelectoral.tecdmx.org.mx\/index.php\/directorio\/","title":{"rendered":"DIRECTORIO"},"content":{"rendered":"\n<hr class=\"wp-block-separator has-text-color has-alpha-channel-opacity has-background\" style=\"background-color:#759090;color:#759090\"\/>\n\n\n\n<p>Mtra. Carmen Luz Fern\u00e1ndez Dom\u00ednguez<br><strong>Coordinadora de Asesor\u00eda, Gesti\u00f3n y Seguimiento<\/strong><\/p>\n\n\n\n<p><strong>Correo: <\/strong><a href=\"mailto:carmen.fernandez@tecdmx.org.mx\">carmen.fernandez@tecdmx.org.mx<\/a>  <strong>Ext.1805<\/strong><\/p>\n\n\n\n<div style=\"height:18px\" aria-hidden=\"true\" class=\"wp-block-spacer\"><\/div>\n\n\n\n<p>Mtro. Hugo Abelardo Herrera Pimentel<br><strong>Asesor Ciudadano<\/strong><\/p>\n\n\n\n<p><strong>Correo: <\/strong><a href=\"mailto:hugo.herrera@tecdmx.org.mx\">hugo.herrera@tecdmx.org.mx<\/a> <strong>Ext. 1038<\/strong><\/p>\n\n\n\n<div style=\"height:18px\" aria-hidden=\"true\" class=\"wp-block-spacer\"><\/div>\n\n\n\n<p>Lcda. Dora Luz Serrano Hern\u00e1ndez<br><strong>Subdirectora de Asesor\u00eda Gesti\u00f3n y Seguimiento<\/strong><\/p>\n\n\n\n<p><strong>Correo:<\/strong> <a href=\"mailto:dora.serrano@tecdmx.org.mx\">dora.serrano@tecdmx.org.mx<\/a> <strong>Ext. 2104<\/strong><\/p>\n\n\n\n<div style=\"height:18px\" aria-hidden=\"true\" class=\"wp-block-spacer\"><\/div>\n\n\n\n<p>Lcda. Daniela Fernanda Romero Garc\u00eda<br><strong>Subdirectora de Defensor\u00eda de Derechos Pol\u00edtico Electorales y Enlace Ciudadano<\/strong><\/p>\n\n\n\n<p><strong>Correo: <\/strong><a href=\"mailto:sandra.vivanco@tecdmx.org.mx\">daniela.romero@tecdmx.org.mx<\/a>&nbsp; <strong>Ext.<\/strong> <strong>1034<\/strong><\/p>\n\n\n\n<div style=\"height:18px\" aria-hidden=\"true\" class=\"wp-block-spacer\"><\/div>\n\n\n\n<p>Lcdo. \u00c1lvaro Melchor Mart\u00ednez<br><strong>Abogado Defensor<\/strong><\/p>\n\n\n\n<p><strong>Correo: <\/strong><a href=\"mailto:alvaro.melchor@tecdmx.org.mx\">alvaro.melchor@tecdmx.org.mx<\/a> <strong>Ext. 1043<\/strong><\/p>\n\n\n\n<div style=\"height:18px\" aria-hidden=\"true\" class=\"wp-block-spacer\"><\/div>\n\n\n\n<p>Lcda. Mariana Luc\u00eda Pinto Landeros<br><strong>Secretaria Ejecutiva<\/strong><\/p>\n\n\n\n<p><strong>Correo: <\/strong><a href=\"mailto:mariana.pinto@tecdmx.org.mx\">mariana.pinto@tecdmx.org.mx<\/a> <strong>Ext. 1039<\/strong><\/p>\n\n\n\n<div style=\"height:18px\" aria-hidden=\"true\" class=\"wp-block-spacer\"><\/div>\n\n\n\n<p>C. Paolo C\u00e9sar \u00c1vila Coeto<br><strong>Secretario Ejecutivo<\/strong><\/p>\n\n\n\n<p><strong>Correo: <\/strong><a href=\"mailto:paolo.avila@tecdmx.org.mx\">paolo.avila@tecdmx.org.mx<\/a> <strong>Ext. 1041<\/strong><\/p>\n\n\n\n<div style=\"height:18px\" aria-hidden=\"true\" class=\"wp-block-spacer\"><\/div>\n\n\n\n<p>Lcdo. N\u00e9stor Rafael G\u00f3mez \u00c1ngeles<br><strong>Secretario<\/strong><\/p>\n\n\n\n<p><strong>Correo: <\/strong><a href=\"mailto:nestor.gomez@tecdmx.org.mx\">nestor.gomez@tecdmx.org.mx<\/a> <strong>Ext. 1040<\/strong><\/p>\n\n\n\n<p><\/p>\n","protected":false},"excerpt":{"rendered":"<p>Mtra. Carmen Luz Fern\u00e1ndez Dom\u00ednguezCoordinadora de Asesor\u00eda, Gesti\u00f3n y Seguimiento Correo: carmen.fernandez@tecdmx.org.mx Ext.1805 Mtro. Hugo Abelardo Herrera PimentelAsesor Ciudadano Correo: hugo.herrera@tecdmx.org.mx Ext. 1038 Lcda. Dora Luz Serrano Hern\u00e1ndezSubdirectora de Asesor\u00eda Gesti\u00f3n y Seguimiento Correo: dora.serrano@tecdmx.org.mx Ext. 2104 Lcda. Daniela Fernanda Romero Garc\u00edaSubdirectora de Defensor\u00eda de Derechos Pol\u00edtico Electorales y Enlace Ciudadano Correo: daniela.romero@tecdmx.org.mx&nbsp; Ext. 1034 [&hellip;]<\/p>\n","protected":false},"author":1,"featured_media":0,"parent":0,"menu_order":0,"comment_status":"closed","ping_status":"closed","template":"","meta":{"footnotes":""},"_links":{"self":[{"href":"https:\/\/defensoriaelectoral.tecdmx.org.mx\/index.php\/wp-json\/wp\/v2\/pages\/95"}],"collection":[{"href":"https:\/\/defensoriaelectoral.tecdmx.org.mx\/index.php\/wp-json\/wp\/v2\/pages"}],"about":[{"href":"https:\/\/defensoriaelectoral.tecdmx.org.mx\/index.php\/wp-json\/wp\/v2\/types\/page"}],"author":[{"embeddable":true,"href":"https:\/\/defensoriaelectoral.tecdmx.org.mx\/index.php\/wp-json\/wp\/v2\/users\/1"}],"replies":[{"embeddable":true,"href":"https:\/\/defensoriaelectoral.tecdmx.org.mx\/index.php\/wp-json\/wp\/v2\/comments?post=95"}],"version-history":[{"count":10,"href":"https:\/\/defensoriaelectoral.tecdmx.org.mx\/index.php\/wp-json\/wp\/v2\/pages\/95\/revisions"}],"predecessor-version":[{"id":293,"href":"https:\/\/defensoriaelectoral.tecdmx.org.mx\/index.php\/wp-json\/wp\/v2\/pages\/95\/revisions\/293"}],"wp:attachment":[{"href":"https:\/\/defensoriaelectoral.tecdmx.org.mx\/index.php\/wp-json\/wp\/v2\/media?parent=95"}],"curies":[{"name":"wp","href":"https:\/\/api.w.org\/{rel}","templated":true}]}}